{"id":81,"date":"2013-09-18T18:22:20","date_gmt":"2013-09-18T18:22:20","guid":{"rendered":"https:\/\/alcala-atenea.com\/?page_id=81"},"modified":"2017-05-12T09:25:57","modified_gmt":"2017-05-12T09:25:57","slug":"contacto","status":"publish","type":"page","link":"https:\/\/alcala-atenea.com\/?page_id=81","title":{"rendered":"Contacto"},"content":{"rendered":"\n<style type=\"text\/css\" data-created_by=\"avia_inline_auto\" id=\"style-css-av-av_one_half-6126cab7d8fab8d08143dd2dacdf673c\">\n.flex_column.av-av_one_half-6126cab7d8fab8d08143dd2dacdf673c{\nborder-radius:0px 0px 0px 0px;\npadding:0px 0px 0px 0px;\n}\n<\/style>\n<div  class='flex_column av-av_one_half-6126cab7d8fab8d08143dd2dacdf673c av_one_half  avia-builder-el-0  el_before_av_one_half  avia-builder-el-first  first flex_column_div av-zero-column-padding  '     ><section  class='av_textblock_section av-av_textblock-396ddf1f42196ca838231e61a4602801 '   itemscope=\"itemscope\" itemtype=\"https:\/\/schema.org\/CreativeWork\" ><div class='avia_textblock'  itemprop=\"text\" ><p style=\"text-align: justify;\">En caso de que quieras contactar con nosotros puedes hacerlo a trav\u00e9s del formulario de contacto que encontrar\u00e1s a continuaci\u00f3n:<\/p>\n\n<div class=\"wpcf7 no-js\" id=\"wpcf7-f446-o1\" lang=\"es-ES\" dir=\"ltr\" data-wpcf7-id=\"446\">\n<div class=\"screen-reader-response\"><p role=\"status\" aria-live=\"polite\" aria-atomic=\"true\"><\/p> <ul><\/ul><\/div>\n<form action=\"\/index.php?rest_route=%2Fwp%2Fv2%2Fpages%2F81#wpcf7-f446-o1\" method=\"post\" class=\"wpcf7-form init\" aria-label=\"Contact form\" novalidate=\"novalidate\" data-status=\"init\">\n<fieldset class=\"hidden-fields-container\"><input type=\"hidden\" name=\"_wpcf7\" value=\"446\" \/><input type=\"hidden\" name=\"_wpcf7_version\" value=\"6.1.5\" \/><input type=\"hidden\" name=\"_wpcf7_locale\" value=\"es_ES\" \/><input type=\"hidden\" name=\"_wpcf7_unit_tag\" value=\"wpcf7-f446-o1\" \/><input type=\"hidden\" name=\"_wpcf7_container_post\" value=\"0\" \/><input type=\"hidden\" name=\"_wpcf7_posted_data_hash\" value=\"\" \/>\n<\/fieldset>\n<p>Nombre (requerido)\n<\/p>\n<p><span class=\"wpcf7-form-control-wrap\" data-name=\"your-name\"><input size=\"40\" maxlength=\"400\" class=\"wpcf7-form-control wpcf7-text wpcf7-validates-as-required\" aria-required=\"true\" aria-invalid=\"false\" value=\"\" type=\"text\" name=\"your-name\" \/><\/span>\n<\/p>\n<p>E-mail (requerido)\n<\/p>\n<p><span class=\"wpcf7-form-control-wrap\" data-name=\"your-email\"><input size=\"40\" maxlength=\"400\" class=\"wpcf7-form-control wpcf7-email wpcf7-validates-as-required wpcf7-text wpcf7-validates-as-email\" aria-required=\"true\" aria-invalid=\"false\" value=\"\" type=\"email\" name=\"your-email\" \/><\/span>\n<\/p>\n<p>Asunto\n<\/p>\n<p><span class=\"wpcf7-form-control-wrap\" data-name=\"your-subject\"><input size=\"40\" maxlength=\"400\" class=\"wpcf7-form-control wpcf7-text\" aria-invalid=\"false\" value=\"\" type=\"text\" name=\"your-subject\" \/><\/span>\n<\/p>\n<p>Mensaje\n<\/p>\n<p><span class=\"wpcf7-form-control-wrap\" data-name=\"your-message\"><textarea cols=\"40\" rows=\"10\" maxlength=\"2000\" class=\"wpcf7-form-control wpcf7-textarea\" aria-invalid=\"false\" name=\"your-message\"><\/textarea><\/span>\n<\/p>\n<p><span class=\"wpcf7-form-control-wrap\" data-name=\"acceptance-454\"><span class=\"wpcf7-form-control wpcf7-acceptance\"><span class=\"wpcf7-list-item\"><input type=\"checkbox\" name=\"acceptance-454\" value=\"1\" aria-invalid=\"false\" \/><\/span><\/span><\/span> He le\u00eddo <a href=\"https:\/\/alcala-atenea.com\/aviso-legal\/\">la informaci\u00f3n relativa al tratamiento de mis datos personales<\/a> y consiento el tratamiento de los mismos.\n<\/p>\n<p><span class=\"wpcf7-form-control-wrap kc_captcha\" data-name=\"kc_captcha\"><span class=\"wpcf7-form-control wpcf7-radio\"><span class=\"captcha-image\" ><span class=\"cf7ic_instructions\">Please prove you are human by selecting the<span> tree<\/span>.<\/span><label><input aria-label=\"1\" type=\"radio\" name=\"kc_captcha\" value=\"bot\" \/><svg aria-hidden=\"true\" role=\"img\" xmlns=\"http:\/\/www.w3.org\/2000\/svg\" viewBox=\"0 0 576 512\"><path fill=\"currentColor\" d=\"M415 24c-53 0-103 42-127 65-24-23-74-65-127-65C70 24 16 77 16 166c0 72 67 133 69 135l187 181c9 8 23 8 32 0l187-180c2-3 69-64 69-136 0-89-54-142-145-142z\"\/><\/svg><\/label><label><input aria-label=\"2\" type=\"radio\" name=\"kc_captcha\" value=\"bot\" \/><svg aria-hidden=\"true\" role=\"img\" xmlns=\"http:\/\/www.w3.org\/2000\/svg\" viewBox=\"0 0 512 512\"><path fill=\"currentColor\" d=\"M350 99c-54 0-98-35-166-35-25 0-47 4-68 12a56 56 0 004-24C118 24 95 1 66 0a56 56 0 00-34 102v386c0 13 11 24 24 24h16c13 0 24-11 24-24v-94c28-12 64-23 114-23 54 0 98 35 166 35 48 0 86-16 122-41 9-6 14-15 14-26V96c0-23-24-39-45-29-35 16-77 32-117 32z\"\/><\/svg><\/label><label><input aria-label=\"3\" type=\"radio\" name=\"kc_captcha\" value=\"kc_human\" \/><svg aria-hidden=\"true\" role=\"img\" xmlns=\"http:\/\/www.w3.org\/2000\/svg\" viewBox=\"0 0 384 512\"><path fill=\"currentColor\" d=\"M377 375l-83-87h34c21 0 32-25 17-40l-82-88h33c21 0 32-25 18-40L210 8c-10-11-26-11-36 0L70 120c-14 15-3 40 18 40h33l-82 88c-15 15-4 40 17 40h34L7 375c-15 16-4 41 17 41h120c0 33-11 49-34 68-12 9-5 28 10 28h144c15 0 22-19 10-28-20-16-34-32-34-68h120c21 0 32-25 17-41z\"\/><\/svg><\/label>\r\n    <\/span>\r\n    <span style=\"display:none\">\r\n        <input type=\"text\" name=\"kc_honeypot\">\r\n    <\/span><\/span><\/span>\n<\/p>\n<p><input class=\"wpcf7-form-control wpcf7-submit has-spinner\" type=\"submit\" value=\"Enviar\" \/>\n<\/p><div class=\"wpcf7-response-output\" aria-hidden=\"true\"><\/div>\n<\/form>\n<\/div>\n\n<\/div><\/section><\/div>\n<style type=\"text\/css\" data-created_by=\"avia_inline_auto\" id=\"style-css-av-av_one_half-0aa7055fe62c3622faec82866afbaeb2\">\n.flex_column.av-av_one_half-0aa7055fe62c3622faec82866afbaeb2{\nborder-radius:0px 0px 0px 0px;\npadding:0px 0px 0px 0px;\n}\n<\/style>\n<div  class='flex_column av-av_one_half-0aa7055fe62c3622faec82866afbaeb2 av_one_half  avia-builder-el-2  el_after_av_one_half  avia-builder-el-last  flex_column_div av-zero-column-padding  '     ><section  class='av_textblock_section av-av_textblock-396ddf1f42196ca838231e61a4602801 '   itemscope=\"itemscope\" itemtype=\"https:\/\/schema.org\/CreativeWork\" ><div class='avia_textblock'  itemprop=\"text\" ><p><img loading=\"lazy\" decoding=\"async\" class=\"aligncenter size-full wp-image-440\" src=\"https:\/\/alcala-atenea.com\/wp-content\/uploads\/2014\/09\/buzon.gif\" alt=\"\" width=\"400\" height=\"300\" \/><\/p>\n<\/div><\/section><\/div><\/p>\n","protected":false},"excerpt":{"rendered":"","protected":false},"author":1,"featured_media":0,"parent":0,"menu_order":5,"comment_status":"closed","ping_status":"closed","template":"","meta":{"footnotes":""},"class_list":["post-81","page","type-page","status-publish","hentry"],"yoast_head":"<!-- This site is optimized with the Yoast SEO plugin v27.2 - https:\/\/yoast.com\/product\/yoast-seo-wordpress\/ -->\n<title>Formulario de Contacto - Alcal\u00e1 Atenea<\/title>\n<meta name=\"description\" content=\"Tienes alguna sugerencia o iniciativa que compartir con nosotros. Escr\u00edbenos un mensaje y nos pondremos en contacto contigo lo antes posible.\" \/>\n<meta name=\"robots\" content=\"index, follow, max-snippet:-1, max-image-preview:large, max-video-preview:-1\" \/>\n<link rel=\"canonical\" href=\"https:\/\/alcala-atenea.com\/?page_id=81\" \/>\n<meta property=\"og:locale\" content=\"en_US\" \/>\n<meta property=\"og:type\" content=\"article\" \/>\n<meta property=\"og:title\" content=\"Formulario de Contacto - Alcal\u00e1 Atenea\" \/>\n<meta property=\"og:description\" content=\"Tienes alguna sugerencia o iniciativa que compartir con nosotros. Escr\u00edbenos un mensaje y nos pondremos en contacto contigo lo antes posible.\" \/>\n<meta property=\"og:url\" content=\"https:\/\/alcala-atenea.com\/?page_id=81\" \/>\n<meta property=\"og:site_name\" content=\"Alcal\u00e1 Atenea\" \/>\n<meta property=\"article:modified_time\" content=\"2017-05-12T09:25:57+00:00\" \/>\n<meta property=\"og:image\" content=\"https:\/\/alcala-atenea.com\/wp-content\/uploads\/2014\/09\/buzon.gif\" \/>\n<meta name=\"twitter:label1\" content=\"Est. reading time\" \/>\n\t<meta name=\"twitter:data1\" content=\"1 minute\" \/>\n<script type=\"application\/ld+json\" class=\"yoast-schema-graph\">{\"@context\":\"https:\/\/schema.org\",\"@graph\":[{\"@type\":\"WebPage\",\"@id\":\"https:\/\/alcala-atenea.com\/?page_id=81\",\"url\":\"https:\/\/alcala-atenea.com\/?page_id=81\",\"name\":\"Formulario de Contacto - Alcal\u00e1 Atenea\",\"isPartOf\":{\"@id\":\"https:\/\/alcala-atenea.com\/#website\"},\"primaryImageOfPage\":{\"@id\":\"https:\/\/alcala-atenea.com\/?page_id=81#primaryimage\"},\"image\":{\"@id\":\"https:\/\/alcala-atenea.com\/?page_id=81#primaryimage\"},\"thumbnailUrl\":\"https:\/\/alcala-atenea.com\/wp-content\/uploads\/2014\/09\/buzon.gif\",\"datePublished\":\"2013-09-18T18:22:20+00:00\",\"dateModified\":\"2017-05-12T09:25:57+00:00\",\"description\":\"Tienes alguna sugerencia o iniciativa que compartir con nosotros. Escr\u00edbenos un mensaje y nos pondremos en contacto contigo lo antes posible.\",\"inLanguage\":\"en-US\",\"potentialAction\":[{\"@type\":\"ReadAction\",\"target\":[\"https:\/\/alcala-atenea.com\/?page_id=81\"]}]},{\"@type\":\"ImageObject\",\"inLanguage\":\"en-US\",\"@id\":\"https:\/\/alcala-atenea.com\/?page_id=81#primaryimage\",\"url\":\"https:\/\/alcala-atenea.com\/wp-content\/uploads\/2014\/09\/buzon.gif\",\"contentUrl\":\"https:\/\/alcala-atenea.com\/wp-content\/uploads\/2014\/09\/buzon.gif\",\"width\":400,\"height\":300},{\"@type\":\"WebSite\",\"@id\":\"https:\/\/alcala-atenea.com\/#website\",\"url\":\"https:\/\/alcala-atenea.com\/\",\"name\":\"Alcal\u00e1 Atenea\",\"description\":\"Centro Comercial  en Alcal\u00e1 de Henares\",\"potentialAction\":[{\"@type\":\"SearchAction\",\"target\":{\"@type\":\"EntryPoint\",\"urlTemplate\":\"https:\/\/alcala-atenea.com\/?s={search_term_string}\"},\"query-input\":{\"@type\":\"PropertyValueSpecification\",\"valueRequired\":true,\"valueName\":\"search_term_string\"}}],\"inLanguage\":\"en-US\"}]}<\/script>\n<!-- \/ Yoast SEO plugin. -->","yoast_head_json":{"title":"Formulario de Contacto - Alcal\u00e1 Atenea","description":"Tienes alguna sugerencia o iniciativa que compartir con nosotros. Escr\u00edbenos un mensaje y nos pondremos en contacto contigo lo antes posible.","robots":{"index":"index","follow":"follow","max-snippet":"max-snippet:-1","max-image-preview":"max-image-preview:large","max-video-preview":"max-video-preview:-1"},"canonical":"https:\/\/alcala-atenea.com\/?page_id=81","og_locale":"en_US","og_type":"article","og_title":"Formulario de Contacto - Alcal\u00e1 Atenea","og_description":"Tienes alguna sugerencia o iniciativa que compartir con nosotros. Escr\u00edbenos un mensaje y nos pondremos en contacto contigo lo antes posible.","og_url":"https:\/\/alcala-atenea.com\/?page_id=81","og_site_name":"Alcal\u00e1 Atenea","article_modified_time":"2017-05-12T09:25:57+00:00","og_image":[{"url":"https:\/\/alcala-atenea.com\/wp-content\/uploads\/2014\/09\/buzon.gif","type":"","width":"","height":""}],"twitter_misc":{"Est. reading time":"1 minute"},"schema":{"@context":"https:\/\/schema.org","@graph":[{"@type":"WebPage","@id":"https:\/\/alcala-atenea.com\/?page_id=81","url":"https:\/\/alcala-atenea.com\/?page_id=81","name":"Formulario de Contacto - Alcal\u00e1 Atenea","isPartOf":{"@id":"https:\/\/alcala-atenea.com\/#website"},"primaryImageOfPage":{"@id":"https:\/\/alcala-atenea.com\/?page_id=81#primaryimage"},"image":{"@id":"https:\/\/alcala-atenea.com\/?page_id=81#primaryimage"},"thumbnailUrl":"https:\/\/alcala-atenea.com\/wp-content\/uploads\/2014\/09\/buzon.gif","datePublished":"2013-09-18T18:22:20+00:00","dateModified":"2017-05-12T09:25:57+00:00","description":"Tienes alguna sugerencia o iniciativa que compartir con nosotros. Escr\u00edbenos un mensaje y nos pondremos en contacto contigo lo antes posible.","inLanguage":"en-US","potentialAction":[{"@type":"ReadAction","target":["https:\/\/alcala-atenea.com\/?page_id=81"]}]},{"@type":"ImageObject","inLanguage":"en-US","@id":"https:\/\/alcala-atenea.com\/?page_id=81#primaryimage","url":"https:\/\/alcala-atenea.com\/wp-content\/uploads\/2014\/09\/buzon.gif","contentUrl":"https:\/\/alcala-atenea.com\/wp-content\/uploads\/2014\/09\/buzon.gif","width":400,"height":300},{"@type":"WebSite","@id":"https:\/\/alcala-atenea.com\/#website","url":"https:\/\/alcala-atenea.com\/","name":"Alcal\u00e1 Atenea","description":"Centro Comercial  en Alcal\u00e1 de Henares","potentialAction":[{"@type":"SearchAction","target":{"@type":"EntryPoint","urlTemplate":"https:\/\/alcala-atenea.com\/?s={search_term_string}"},"query-input":{"@type":"PropertyValueSpecification","valueRequired":true,"valueName":"search_term_string"}}],"inLanguage":"en-US"}]}},"_links":{"self":[{"href":"https:\/\/alcala-atenea.com\/index.php?rest_route=\/wp\/v2\/pages\/81","targetHints":{"allow":["GET"]}}],"collection":[{"href":"https:\/\/alcala-atenea.com\/index.php?rest_route=\/wp\/v2\/pages"}],"about":[{"href":"https:\/\/alcala-atenea.com\/index.php?rest_route=\/wp\/v2\/types\/page"}],"author":[{"embeddable":true,"href":"https:\/\/alcala-atenea.com\/index.php?rest_route=\/wp\/v2\/users\/1"}],"replies":[{"embeddable":true,"href":"https:\/\/alcala-atenea.com\/index.php?rest_route=%2Fwp%2Fv2%2Fcomments&post=81"}],"version-history":[{"count":10,"href":"https:\/\/alcala-atenea.com\/index.php?rest_route=\/wp\/v2\/pages\/81\/revisions"}],"predecessor-version":[{"id":710,"href":"https:\/\/alcala-atenea.com\/index.php?rest_route=\/wp\/v2\/pages\/81\/revisions\/710"}],"wp:attachment":[{"href":"https:\/\/alcala-atenea.com\/index.php?rest_route=%2Fwp%2Fv2%2Fmedia&parent=81"}],"curies":[{"name":"wp","href":"https:\/\/api.w.org\/{rel}","templated":true}]}}